{"id":1407,"date":"2025-12-18T19:17:47","date_gmt":"2025-12-18T19:17:47","guid":{"rendered":"https:\/\/knock.eu\/?page_id=1407"},"modified":"2026-03-04T11:32:55","modified_gmt":"2026-03-04T11:32:55","slug":"showrooms","status":"publish","type":"page","link":"https:\/\/knock.eu\/de\/showrooms\/","title":{"rendered":"Ausstellungsr\u00e4ume"},"content":{"rendered":"<div data-elementor-type=\"wp-page\" data-elementor-id=\"1407\" class=\"elementor elementor-1407\">\n\t\t\t\t<div class=\"elementor-element elementor-element-b9c1f8d e-flex e-con-boxed e-con e-parent\" data-id=\"b9c1f8d\" data-element_type=\"container\" data-e-type=\"container\">\n\t\t\t\t\t<div class=\"e-con-inner\">\n\t\t\t\t<div class=\"elementor-element elementor-element-95f5001 elementor-widget elementor-widget-spacer\" data-id=\"95f5001\" data-element_type=\"widget\" data-e-type=\"widget\" data-widget_type=\"spacer.default\">\n\t\t\t\t\t\t\t<div class=\"elementor-spacer\">\n\t\t\t<div class=\"elementor-spacer-inner\"><\/div>\n\t\t<\/div>\n\t\t\t\t\t\t<\/div>\n\t\t\t\t<div class=\"elementor-element elementor-element-20098c2 elementor-widget elementor-widget-heading\" data-id=\"20098c2\" data-element_type=\"widget\" data-e-type=\"widget\" data-widget_type=\"heading.default\">\n\t\t\t\t\t<h5 class=\"elementor-heading-title elementor-size-default\">Buchen Sie jetzt Ihren Showroom-Termin!<\/h5>\t\t\t\t<\/div>\n\t\t\t\t<div class=\"elementor-element elementor-element-d95404b elementor-widget elementor-widget-text-editor\" data-id=\"d95404b\" data-element_type=\"widget\" data-e-type=\"widget\" data-widget_type=\"text-editor.default\">\n\t\t\t\t\t\t\t\t\t<p class=\"translation-block\">Sie k\u00f6nnen jederzeit bei uns vorbeikommen und alle Details, die Sie interessieren, vor Ort erfahren. Unser Expertenteam erwartet Sie, um Ihnen die f\u00fcr Ihre Bed\u00fcrfnisse am besten geeigneten L\u00f6sungen anzubieten. Verpassen Sie nicht die Gelegenheit, unsere Produkte bei einem herzlichen Empfang und einem freundlichen Gespr\u00e4ch n\u00e4her kennenzulernen. Ihr Besuch ist uns wichtig.\nSehen Sie sich unten unsere Filialen an, w\u00e4hlen Sie die n\u00e4chstgelegene aus und erhalten Sie ganz einfach detaillierte Informationen.<\/p>\t\t\t\t\t\t\t\t<\/div>\n\t\t\t\t\t<\/div>\n\t\t\t\t<\/div>\n\t\t<div class=\"elementor-element elementor-element-caafd39 e-flex e-con-boxed e-con e-parent\" data-id=\"caafd39\" data-element_type=\"container\" data-e-type=\"container\">\n\t\t\t\t\t<div class=\"e-con-inner\">\n\t\t<div class=\"elementor-element elementor-element-2c48e646 e-con-full e-flex e-con e-child\" data-id=\"2c48e646\" data-element_type=\"container\" data-e-type=\"container\">\n\t\t\t\t<div class=\"elementor-element elementor-element-4f153870 elementor-widget elementor-widget-image\" data-id=\"4f153870\" data-element_type=\"widget\" data-e-type=\"widget\" data-widget_type=\"image.default\">\n\t\t\t\t\t\t\t\t\t\t\t\t\t\t\t\t<a href=\"https:\/\/knock.eu\/de\/showrooms\/essen\/\">\n\t\t\t\t\t\t\t<img fetchpriority=\"high\" decoding=\"async\" width=\"768\" height=\"576\" src=\"https:\/\/knock.eu\/wp-content\/uploads\/2025\/12\/essen_new_pic-e1766424276345-768x576.webp?ver=1766698206\" class=\"attachment-medium_large size-medium_large wp-image-1361\" alt=\"\" srcset=\"https:\/\/knock.eu\/wp-content\/uploads\/2025\/12\/essen_new_pic-e1766424276345-768x576.webp 768w, https:\/\/knock.eu\/wp-content\/uploads\/2025\/12\/essen_new_pic-e1766424276345-300x225.webp 300w, https:\/\/knock.eu\/wp-content\/uploads\/2025\/12\/essen_new_pic-e1766424276345-16x12.webp 16w, https:\/\/knock.eu\/wp-content\/uploads\/2025\/12\/essen_new_pic-e1766424276345.webp 1024w\" sizes=\"(max-width: 768px) 100vw, 768px\" \/>\t\t\t\t\t\t\t\t<\/a>\n\t\t\t\t\t\t\t\t\t\t\t\t\t\t\t<\/div>\n\t\t<div class=\"elementor-element elementor-element-11ce4ac e-con-full e-flex e-con e-child\" data-id=\"11ce4ac\" data-element_type=\"container\" data-e-type=\"container\">\n\t\t\t\t<div class=\"elementor-element elementor-element-79b2561b elementor-widget elementor-widget-heading\" data-id=\"79b2561b\" data-element_type=\"widget\" data-e-type=\"widget\" data-widget_type=\"heading.default\">\n\t\t\t\t\t<h3 class=\"elementor-heading-title elementor-size-default\"><a href=\"https:\/\/knock.eu\/de\/showrooms\/essen\/\">Essen<\/a><\/h3>\t\t\t\t<\/div>\n\t\t\t\t<\/div>\n\t\t\t\t<\/div>\n\t\t<div class=\"elementor-element elementor-element-5eb9426 e-con-full e-flex e-con e-child\" data-id=\"5eb9426\" data-element_type=\"container\" data-e-type=\"container\">\n\t\t\t\t<div class=\"elementor-element elementor-element-8270b6b elementor-widget elementor-widget-image\" data-id=\"8270b6b\" data-element_type=\"widget\" data-e-type=\"widget\" data-widget_type=\"image.default\">\n\t\t\t\t\t\t\t\t\t\t\t\t\t\t\t\t<a href=\"https:\/\/knock.eu\/de\/showrooms\/frechen\/\">\n\t\t\t\t\t\t\t<img decoding=\"async\" src=\"https:\/\/knock.eu\/wp-content\/uploads\/elementor\/thumbs\/Knock-Koln-cephe-4-rk00ie2qautnci5efoshjxxcvrpt3rikrnt5g87seo.jpg\" title=\"Knock &#8211; Frechen\" alt=\"Knock - Frechen\" loading=\"lazy\" \/>\t\t\t\t\t\t\t\t<\/a>\n\t\t\t\t\t\t\t\t\t\t\t\t\t\t\t<\/div>\n\t\t<div class=\"elementor-element elementor-element-99eb83c e-con-full e-flex e-con e-child\" data-id=\"99eb83c\" data-element_type=\"container\" data-e-type=\"container\">\n\t\t\t\t<div class=\"elementor-element elementor-element-31d39a7 elementor-widget elementor-widget-heading\" data-id=\"31d39a7\" data-element_type=\"widget\" data-e-type=\"widget\" data-widget_type=\"heading.default\">\n\t\t\t\t\t<h3 class=\"elementor-heading-title elementor-size-default\"><a href=\"https:\/\/knock.eu\/de\/showrooms\/frechen\/\">Frechen<\/a><\/h3>\t\t\t\t<\/div>\n\t\t\t\t<\/div>\n\t\t\t\t<\/div>\n\t\t\t\t\t<\/div>\n\t\t\t\t<\/div>\n\t\t<div class=\"elementor-element elementor-element-44337351 e-flex e-con-boxed e-con e-parent\" data-id=\"44337351\" data-element_type=\"container\" data-e-type=\"container\">\n\t\t\t\t\t<div class=\"e-con-inner\">\n\t\t<div class=\"elementor-element elementor-element-34fe057 e-con-full e-flex e-con e-child\" data-id=\"34fe057\" data-element_type=\"container\" data-e-type=\"container\">\n\t\t\t\t<div class=\"elementor-element elementor-element-6613e41 elementor-widget elementor-widget-image\" data-id=\"6613e41\" data-element_type=\"widget\" data-e-type=\"widget\" data-widget_type=\"image.default\">\n\t\t\t\t\t\t\t\t\t\t\t\t\t\t\t\t<a href=\"https:\/\/knock.eu\/de\/showrooms\/dortmund\/\">\n\t\t\t\t\t\t\t<img decoding=\"async\" width=\"768\" height=\"411\" src=\"https:\/\/knock.eu\/wp-content\/uploads\/2025\/11\/Dortmund1-768x411.jpg\" class=\"attachment-medium_large size-medium_large wp-image-92\" alt=\"\" srcset=\"https:\/\/knock.eu\/wp-content\/uploads\/2025\/11\/Dortmund1-768x411.jpg 768w, https:\/\/knock.eu\/wp-content\/uploads\/2025\/11\/Dortmund1-300x161.jpg 300w, https:\/\/knock.eu\/wp-content\/uploads\/2025\/11\/Dortmund1-1024x548.jpg 1024w, https:\/\/knock.eu\/wp-content\/uploads\/2025\/11\/Dortmund1-1536x822.jpg 1536w, https:\/\/knock.eu\/wp-content\/uploads\/2025\/11\/Dortmund1.jpg 2048w\" sizes=\"(max-width: 768px) 100vw, 768px\" \/>\t\t\t\t\t\t\t\t<\/a>\n\t\t\t\t\t\t\t\t\t\t\t\t\t\t\t<\/div>\n\t\t<div class=\"elementor-element elementor-element-6e2ccc7 e-con-full e-flex e-con e-child\" data-id=\"6e2ccc7\" data-element_type=\"container\" data-e-type=\"container\">\n\t\t\t\t<div class=\"elementor-element elementor-element-e446143 elementor-widget elementor-widget-heading\" data-id=\"e446143\" data-element_type=\"widget\" data-e-type=\"widget\" data-widget_type=\"heading.default\">\n\t\t\t\t\t<h3 class=\"elementor-heading-title elementor-size-default\"><a href=\"https:\/\/knock.eu\/de\/showrooms\/dortmund\/\">Dortmund<\/a><\/h3>\t\t\t\t<\/div>\n\t\t\t\t<\/div>\n\t\t\t\t<\/div>\n\t\t<div class=\"elementor-element elementor-element-36430d22 e-con-full e-flex e-con e-child\" data-id=\"36430d22\" data-element_type=\"container\" data-e-type=\"container\">\n\t\t\t\t<div class=\"elementor-element elementor-element-72498527 elementor-widget elementor-widget-image\" data-id=\"72498527\" data-element_type=\"widget\" data-e-type=\"widget\" data-widget_type=\"image.default\">\n\t\t\t\t\t\t\t\t\t\t\t\t\t\t\t\t<a href=\"https:\/\/knock.eu\/de\/showrooms\/bielefeld\/\">\n\t\t\t\t\t\t\t<img decoding=\"async\" width=\"768\" height=\"476\" src=\"https:\/\/knock.eu\/wp-content\/uploads\/2025\/11\/Build_4-768x476.jpg\" class=\"attachment-medium_large size-medium_large wp-image-86\" alt=\"\" srcset=\"https:\/\/knock.eu\/wp-content\/uploads\/2025\/11\/Build_4-768x476.jpg 768w, https:\/\/knock.eu\/wp-content\/uploads\/2025\/11\/Build_4-300x186.jpg 300w, https:\/\/knock.eu\/wp-content\/uploads\/2025\/11\/Build_4-1024x635.jpg 1024w, https:\/\/knock.eu\/wp-content\/uploads\/2025\/11\/Build_4-1536x952.jpg 1536w, https:\/\/knock.eu\/wp-content\/uploads\/2025\/11\/Build_4.jpg 1700w\" sizes=\"(max-width: 768px) 100vw, 768px\" \/>\t\t\t\t\t\t\t\t<\/a>\n\t\t\t\t\t\t\t\t\t\t\t\t\t\t\t<\/div>\n\t\t<div class=\"elementor-element elementor-element-3fd02590 e-con-full e-flex e-con e-child\" data-id=\"3fd02590\" data-element_type=\"container\" data-e-type=\"container\">\n\t\t\t\t<div class=\"elementor-element elementor-element-4f6e4968 elementor-widget elementor-widget-heading\" data-id=\"4f6e4968\" data-element_type=\"widget\" data-e-type=\"widget\" data-widget_type=\"heading.default\">\n\t\t\t\t\t<h3 class=\"elementor-heading-title elementor-size-default\"><a href=\"https:\/\/knock.eu\/de\/showrooms\/bielefeld\/\">Bielefeld<\/a><\/h3>\t\t\t\t<\/div>\n\t\t\t\t<\/div>\n\t\t\t\t<\/div>\n\t\t\t\t\t<\/div>\n\t\t\t\t<\/div>\n\t\t<div class=\"elementor-element elementor-element-618f49e e-flex e-con-boxed e-con e-parent\" data-id=\"618f49e\" data-element_type=\"container\" data-e-type=\"container\">\n\t\t\t\t\t<div class=\"e-con-inner\">\n\t\t<div class=\"elementor-element elementor-element-c59c4eb e-con-full e-flex e-con e-child\" data-id=\"c59c4eb\" data-element_type=\"container\" data-e-type=\"container\">\n\t\t\t\t<div class=\"elementor-element elementor-element-0e93c6f elementor-widget elementor-widget-image\" data-id=\"0e93c6f\" data-element_type=\"widget\" data-e-type=\"widget\" data-widget_type=\"image.default\">\n\t\t\t\t\t\t\t\t\t\t\t\t\t\t\t\t<a href=\"https:\/\/knock.eu\/de\/showrooms\/heilbronn\/\">\n\t\t\t\t\t\t\t<img decoding=\"async\" src=\"https:\/\/knock.eu\/wp-content\/uploads\/elementor\/thumbs\/Build_2-1-rgn6uyw6in6vjym8kavvevtsgbhvb4i396sgcu7ncw.jpg\" title=\"Build_2\" alt=\"Build_2\" loading=\"lazy\" \/>\t\t\t\t\t\t\t\t<\/a>\n\t\t\t\t\t\t\t\t\t\t\t\t\t\t\t<\/div>\n\t\t<div class=\"elementor-element elementor-element-71d12f6 e-con-full e-flex e-con e-child\" data-id=\"71d12f6\" data-element_type=\"container\" data-e-type=\"container\">\n\t\t\t\t<div class=\"elementor-element elementor-element-2a89488 elementor-widget elementor-widget-heading\" data-id=\"2a89488\" data-element_type=\"widget\" data-e-type=\"widget\" data-widget_type=\"heading.default\">\n\t\t\t\t\t<h3 class=\"elementor-heading-title elementor-size-default\"><a href=\"https:\/\/knock.eu\/de\/showrooms\/heilbronn\/\">Heilbronn<\/a><\/h3>\t\t\t\t<\/div>\n\t\t\t\t<\/div>\n\t\t\t\t<\/div>\n\t\t\t\t\t<\/div>\n\t\t\t\t<\/div>\n\t\t\t\t<\/div>","protected":false},"excerpt":{"rendered":"<p>Book your showroom appointment now! You can visit us anytime and learn all the details you are curious about on site. Our expert team is waiting to offer you the<\/p>","protected":false},"author":1,"featured_media":0,"parent":0,"menu_order":0,"comment_status":"closed","ping_status":"closed","template":"page-custom-with-header.php","meta":{"_acf_changed":false,"footnotes":""},"class_list":["post-1407","page","type-page","status-publish","hentry"],"acf":[],"yoast_head":"<!-- This site is optimized with the Yoast SEO plugin v27.1.1 - https:\/\/yoast.com\/product\/yoast-seo-wordpress\/ -->\n<title>Showrooms - Knock T\u00fcren und Fenster<\/title>\n<meta name=\"robots\" content=\"index, follow, max-snippet:-1, max-image-preview:large, max-video-preview:-1\" \/>\n<link rel=\"canonical\" href=\"https:\/\/knock.eu\/de\/showrooms\/\" \/>\n<meta property=\"og:locale\" content=\"de_DE\" \/>\n<meta property=\"og:type\" content=\"article\" \/>\n<meta property=\"og:title\" content=\"Showrooms - Knock T\u00fcren und Fenster\" \/>\n<meta property=\"og:description\" content=\"Book your showroom appointment now! You can visit us anytime and learn all the details you are curious about on site. Our expert team is waiting to offer you the\" \/>\n<meta property=\"og:url\" content=\"https:\/\/knock.eu\/de\/showrooms\/\" \/>\n<meta property=\"og:site_name\" content=\"Knock T\u00fcren und Fenster\" \/>\n<meta property=\"article:modified_time\" content=\"2026-03-04T11:32:55+00:00\" \/>\n<meta property=\"og:image\" content=\"https:\/\/knock.eu\/wp-content\/uploads\/2025\/12\/essen_new_pic-e1766424276345.webp?ver=1766698206\" \/>\n\t<meta property=\"og:image:width\" content=\"1024\" \/>\n\t<meta property=\"og:image:height\" content=\"768\" \/>\n\t<meta property=\"og:image:type\" content=\"image\/webp\" \/>\n<meta name=\"twitter:card\" content=\"summary_large_image\" \/>\n<meta name=\"twitter:label1\" content=\"Gesch\u00e4tzte Lesezeit\" \/>\n\t<meta name=\"twitter:data1\" content=\"2\u00a0Minuten\" \/>\n<script type=\"application\/ld+json\" class=\"yoast-schema-graph\">{\"@context\":\"https:\/\/schema.org\",\"@graph\":[{\"@type\":\"WebPage\",\"@id\":\"https:\/\/knock.eu\/showrooms\/\",\"url\":\"https:\/\/knock.eu\/showrooms\/\",\"name\":\"Showrooms - Knock T\u00fcren und Fenster\",\"isPartOf\":{\"@id\":\"https:\/\/knock.eu\/#website\"},\"primaryImageOfPage\":{\"@id\":\"https:\/\/knock.eu\/showrooms\/#primaryimage\"},\"image\":{\"@id\":\"https:\/\/knock.eu\/showrooms\/#primaryimage\"},\"thumbnailUrl\":\"https:\/\/knock.eu\/wp-content\/uploads\/2025\/12\/essen_new_pic-e1766424276345-768x576.webp?ver=1766698206\",\"datePublished\":\"2025-12-18T19:17:47+00:00\",\"dateModified\":\"2026-03-04T11:32:55+00:00\",\"breadcrumb\":{\"@id\":\"https:\/\/knock.eu\/showrooms\/#breadcrumb\"},\"inLanguage\":\"de\",\"potentialAction\":[{\"@type\":\"ReadAction\",\"target\":[\"https:\/\/knock.eu\/showrooms\/\"]}]},{\"@type\":\"ImageObject\",\"inLanguage\":\"de\",\"@id\":\"https:\/\/knock.eu\/showrooms\/#primaryimage\",\"url\":\"https:\/\/knock.eu\/wp-content\/uploads\/2025\/12\/essen_new_pic-e1766424276345-768x576.webp?ver=1766698206\",\"contentUrl\":\"https:\/\/knock.eu\/wp-content\/uploads\/2025\/12\/essen_new_pic-e1766424276345-768x576.webp?ver=1766698206\"},{\"@type\":\"BreadcrumbList\",\"@id\":\"https:\/\/knock.eu\/showrooms\/#breadcrumb\",\"itemListElement\":[{\"@type\":\"ListItem\",\"position\":1,\"name\":\"Home\",\"item\":\"https:\/\/knock.eu\/\"},{\"@type\":\"ListItem\",\"position\":2,\"name\":\"Showrooms\"}]},{\"@type\":\"WebSite\",\"@id\":\"https:\/\/knock.eu\/#website\",\"url\":\"https:\/\/knock.eu\/\",\"name\":\"Knock T\u00fcren und Fenster\",\"description\":\"\",\"potentialAction\":[{\"@type\":\"SearchAction\",\"target\":{\"@type\":\"EntryPoint\",\"urlTemplate\":\"https:\/\/knock.eu\/?s={search_term_string}\"},\"query-input\":{\"@type\":\"PropertyValueSpecification\",\"valueRequired\":true,\"valueName\":\"search_term_string\"}}],\"inLanguage\":\"de\"}]}<\/script>\n<!-- \/ Yoast SEO plugin. -->","yoast_head_json":{"title":"Showrooms - Knock T\u00fcren und Fenster","robots":{"index":"index","follow":"follow","max-snippet":"max-snippet:-1","max-image-preview":"max-image-preview:large","max-video-preview":"max-video-preview:-1"},"canonical":"https:\/\/knock.eu\/de\/showrooms\/","og_locale":"de_DE","og_type":"article","og_title":"Showrooms - Knock T\u00fcren und Fenster","og_description":"Book your showroom appointment now! You can visit us anytime and learn all the details you are curious about on site. Our expert team is waiting to offer you the","og_url":"https:\/\/knock.eu\/de\/showrooms\/","og_site_name":"Knock T\u00fcren und Fenster","article_modified_time":"2026-03-04T11:32:55+00:00","og_image":[{"width":1024,"height":768,"url":"https:\/\/knock.eu\/wp-content\/uploads\/2025\/12\/essen_new_pic-e1766424276345.webp?ver=1766698206","type":"image\/webp"}],"twitter_card":"summary_large_image","twitter_misc":{"Gesch\u00e4tzte Lesezeit":"2\u00a0Minuten"},"schema":{"@context":"https:\/\/schema.org","@graph":[{"@type":"WebPage","@id":"https:\/\/knock.eu\/showrooms\/","url":"https:\/\/knock.eu\/showrooms\/","name":"Showrooms - Knock T\u00fcren und Fenster","isPartOf":{"@id":"https:\/\/knock.eu\/#website"},"primaryImageOfPage":{"@id":"https:\/\/knock.eu\/showrooms\/#primaryimage"},"image":{"@id":"https:\/\/knock.eu\/showrooms\/#primaryimage"},"thumbnailUrl":"https:\/\/knock.eu\/wp-content\/uploads\/2025\/12\/essen_new_pic-e1766424276345-768x576.webp?ver=1766698206","datePublished":"2025-12-18T19:17:47+00:00","dateModified":"2026-03-04T11:32:55+00:00","breadcrumb":{"@id":"https:\/\/knock.eu\/showrooms\/#breadcrumb"},"inLanguage":"de","potentialAction":[{"@type":"ReadAction","target":["https:\/\/knock.eu\/showrooms\/"]}]},{"@type":"ImageObject","inLanguage":"de","@id":"https:\/\/knock.eu\/showrooms\/#primaryimage","url":"https:\/\/knock.eu\/wp-content\/uploads\/2025\/12\/essen_new_pic-e1766424276345-768x576.webp?ver=1766698206","contentUrl":"https:\/\/knock.eu\/wp-content\/uploads\/2025\/12\/essen_new_pic-e1766424276345-768x576.webp?ver=1766698206"},{"@type":"BreadcrumbList","@id":"https:\/\/knock.eu\/showrooms\/#breadcrumb","itemListElement":[{"@type":"ListItem","position":1,"name":"Home","item":"https:\/\/knock.eu\/"},{"@type":"ListItem","position":2,"name":"Showrooms"}]},{"@type":"WebSite","@id":"https:\/\/knock.eu\/#website","url":"https:\/\/knock.eu\/","name":"Knock T\u00fcren und Fenster","description":"","potentialAction":[{"@type":"SearchAction","target":{"@type":"EntryPoint","urlTemplate":"https:\/\/knock.eu\/?s={search_term_string}"},"query-input":{"@type":"PropertyValueSpecification","valueRequired":true,"valueName":"search_term_string"}}],"inLanguage":"de"}]}},"_links":{"self":[{"href":"https:\/\/knock.eu\/de\/wp-json\/wp\/v2\/pages\/1407","targetHints":{"allow":["GET"]}}],"collection":[{"href":"https:\/\/knock.eu\/de\/wp-json\/wp\/v2\/pages"}],"about":[{"href":"https:\/\/knock.eu\/de\/wp-json\/wp\/v2\/types\/page"}],"author":[{"embeddable":true,"href":"https:\/\/knock.eu\/de\/wp-json\/wp\/v2\/users\/1"}],"replies":[{"embeddable":true,"href":"https:\/\/knock.eu\/de\/wp-json\/wp\/v2\/comments?post=1407"}],"version-history":[{"count":33,"href":"https:\/\/knock.eu\/de\/wp-json\/wp\/v2\/pages\/1407\/revisions"}],"predecessor-version":[{"id":1834,"href":"https:\/\/knock.eu\/de\/wp-json\/wp\/v2\/pages\/1407\/revisions\/1834"}],"wp:attachment":[{"href":"https:\/\/knock.eu\/de\/wp-json\/wp\/v2\/media?parent=1407"}],"curies":[{"name":"wp","href":"https:\/\/api.w.org\/{rel}","templated":true}]}}