{"id":1845,"date":"2026-03-15T05:47:51","date_gmt":"2026-03-15T05:47:51","guid":{"rendered":"https:\/\/knock.eu\/?page_id=1845"},"modified":"2026-04-21T18:31:58","modified_gmt":"2026-04-21T18:31:58","slug":"impressum","status":"publish","type":"page","link":"https:\/\/knock.eu\/de\/impressum\/","title":{"rendered":"Impressum"},"content":{"rendered":"<div data-elementor-type=\"wp-page\" data-elementor-id=\"1845\" class=\"elementor elementor-1845\">\n\t\t\t\t<div class=\"elementor-element elementor-element-590d663 e-flex e-con-boxed e-con e-parent\" data-id=\"590d663\" data-element_type=\"container\" data-e-type=\"container\">\n\t\t\t\t\t<div class=\"e-con-inner\">\n\t\t\t\t<div class=\"elementor-element elementor-element-1fba4b0 elementor-widget elementor-widget-image\" data-id=\"1fba4b0\" data-element_type=\"widget\" data-e-type=\"widget\" data-widget_type=\"image.default\">\n\t\t\t\t\t\t\t\t\t\t\t\t\t\t\t<img fetchpriority=\"high\" decoding=\"async\" width=\"768\" height=\"259\" src=\"https:\/\/knock.eu\/wp-content\/uploads\/2025\/11\/Knock-Logo-768x259.png\" class=\"attachment-medium_large size-medium_large wp-image-544\" alt=\"\" srcset=\"https:\/\/knock.eu\/wp-content\/uploads\/2025\/11\/Knock-Logo-768x259.png 768w, https:\/\/knock.eu\/wp-content\/uploads\/2025\/11\/Knock-Logo-300x101.png 300w, https:\/\/knock.eu\/wp-content\/uploads\/2025\/11\/Knock-Logo-1024x345.png 1024w, https:\/\/knock.eu\/wp-content\/uploads\/2025\/11\/Knock-Logo-1536x518.png 1536w, https:\/\/knock.eu\/wp-content\/uploads\/2025\/11\/Knock-Logo.png 2048w, https:\/\/knock.eu\/wp-content\/uploads\/2025\/11\/Knock-Logo-18x6.png 18w\" sizes=\"(max-width: 768px) 100vw, 768px\" \/>\t\t\t\t\t\t\t\t\t\t\t\t\t\t\t<\/div>\n\t\t\t\t<div class=\"elementor-element elementor-element-e0b1166 elementor-widget elementor-widget-text-editor\" data-id=\"e0b1166\" data-element_type=\"widget\" data-e-type=\"widget\" data-widget_type=\"text-editor.default\">\n\t\t\t\t\t\t\t\t\t<p><b>KNOCK T\u00fcren und Fenster GmbH<\/b><\/p><p>Gesch\u00e4ftsf\u00fchrer: K\u0131van\u00e7 \u00d6zden<\/p><p>Per Post: Manderscheidt-Stra\u00dfe 16 | 45141 Essen | Deutschland<\/p><p>Per E-Mail:\u00a0<b><a href=\"mailto:info@knock.eu\">info@knock.eu<\/a><\/b><\/p><p>Per Web:\u00a0<b><a href=\"\/de\/www.knock.eu\/\">www.knock.eu<\/a><\/b><\/p><p>Tel.: +49 (0) 7151 \/ 944 64 01<\/p><p>Fax.: +49 (0) 7151 \/ 944 64 04<\/p><p>USt-IdNr. DE342699163<\/p>\t\t\t\t\t\t\t\t<\/div>\n\t\t\t\t\t<\/div>\n\t\t\t\t<\/div>\n\t\t\t\t<\/div>","protected":false},"excerpt":{"rendered":"<p>KNOCK T\u00fcren und Fenster GmbH Gesch\u00e4ftsf\u00fchrer: K\u0131van\u00e7 \u00d6zden Per Post: Manderscheidt-Stra\u00dfe 16 | 45141 Essen | Deutschland Per E-Mail:\u00a0info@knock.eu Per Web:\u00a0www.knock.eu Tel.: +49 (0) 7151 \/ 944 64 01 Fax.:<\/p>","protected":false},"author":4,"featured_media":0,"parent":0,"menu_order":0,"comment_status":"closed","ping_status":"closed","template":"page-custom.php","meta":{"_acf_changed":false,"footnotes":""},"class_list":["post-1845","page","type-page","status-publish","hentry"],"acf":[],"yoast_head":"<!-- This site is optimized with the Yoast SEO plugin v27.1.1 - https:\/\/yoast.com\/product\/yoast-seo-wordpress\/ -->\n<title>Impressum - Knock T\u00fcren und Fenster<\/title>\n<meta name=\"robots\" content=\"index, follow, max-snippet:-1, max-image-preview:large, max-video-preview:-1\" \/>\n<link rel=\"canonical\" href=\"https:\/\/knock.eu\/de\/impressum\/\" \/>\n<meta property=\"og:locale\" content=\"de_DE\" \/>\n<meta property=\"og:type\" content=\"article\" \/>\n<meta property=\"og:title\" content=\"Impressum - Knock T\u00fcren und Fenster\" \/>\n<meta property=\"og:description\" content=\"KNOCK T\u00fcren und Fenster GmbH Gesch\u00e4ftsf\u00fchrer: K\u0131van\u00e7 \u00d6zden Per Post: Manderscheidt-Stra\u00dfe 16 | 45141 Essen | Deutschland Per E-Mail:\u00a0info@knock.eu Per Web:\u00a0www.knock.eu Tel.: +49 (0) 7151 \/ 944 64 01 Fax.:\" \/>\n<meta property=\"og:url\" content=\"https:\/\/knock.eu\/de\/impressum\/\" \/>\n<meta property=\"og:site_name\" content=\"Knock T\u00fcren und Fenster\" \/>\n<meta property=\"article:modified_time\" content=\"2026-04-21T18:31:58+00:00\" \/>\n<meta property=\"og:image\" content=\"https:\/\/knock.eu\/wp-content\/uploads\/2025\/11\/Knock-Logo-768x259.png\" \/>\n<meta name=\"twitter:card\" content=\"summary_large_image\" \/>\n<meta name=\"twitter:label1\" content=\"Gesch\u00e4tzte Lesezeit\" \/>\n\t<meta name=\"twitter:data1\" content=\"1\u00a0Minute\" \/>\n<script type=\"application\/ld+json\" class=\"yoast-schema-graph\">{\"@context\":\"https:\/\/schema.org\",\"@graph\":[{\"@type\":\"WebPage\",\"@id\":\"https:\/\/knock.eu\/impressum\/\",\"url\":\"https:\/\/knock.eu\/impressum\/\",\"name\":\"Impressum - Knock T\u00fcren und Fenster\",\"isPartOf\":{\"@id\":\"https:\/\/knock.eu\/#website\"},\"primaryImageOfPage\":{\"@id\":\"https:\/\/knock.eu\/impressum\/#primaryimage\"},\"image\":{\"@id\":\"https:\/\/knock.eu\/impressum\/#primaryimage\"},\"thumbnailUrl\":\"https:\/\/knock.eu\/wp-content\/uploads\/2025\/11\/Knock-Logo-768x259.png\",\"datePublished\":\"2026-03-15T05:47:51+00:00\",\"dateModified\":\"2026-04-21T18:31:58+00:00\",\"breadcrumb\":{\"@id\":\"https:\/\/knock.eu\/impressum\/#breadcrumb\"},\"inLanguage\":\"de\",\"potentialAction\":[{\"@type\":\"ReadAction\",\"target\":[\"https:\/\/knock.eu\/impressum\/\"]}]},{\"@type\":\"ImageObject\",\"inLanguage\":\"de\",\"@id\":\"https:\/\/knock.eu\/impressum\/#primaryimage\",\"url\":\"https:\/\/knock.eu\/wp-content\/uploads\/2025\/11\/Knock-Logo-768x259.png\",\"contentUrl\":\"https:\/\/knock.eu\/wp-content\/uploads\/2025\/11\/Knock-Logo-768x259.png\"},{\"@type\":\"BreadcrumbList\",\"@id\":\"https:\/\/knock.eu\/impressum\/#breadcrumb\",\"itemListElement\":[{\"@type\":\"ListItem\",\"position\":1,\"name\":\"Home\",\"item\":\"https:\/\/knock.eu\/\"},{\"@type\":\"ListItem\",\"position\":2,\"name\":\"Impressum\"}]},{\"@type\":\"WebSite\",\"@id\":\"https:\/\/knock.eu\/#website\",\"url\":\"https:\/\/knock.eu\/\",\"name\":\"Knock T\u00fcren und Fenster\",\"description\":\"\",\"potentialAction\":[{\"@type\":\"SearchAction\",\"target\":{\"@type\":\"EntryPoint\",\"urlTemplate\":\"https:\/\/knock.eu\/?s={search_term_string}\"},\"query-input\":{\"@type\":\"PropertyValueSpecification\",\"valueRequired\":true,\"valueName\":\"search_term_string\"}}],\"inLanguage\":\"de\"}]}<\/script>\n<!-- \/ Yoast SEO plugin. -->","yoast_head_json":{"title":"Impressum - Knock T\u00fcren und Fenster","robots":{"index":"index","follow":"follow","max-snippet":"max-snippet:-1","max-image-preview":"max-image-preview:large","max-video-preview":"max-video-preview:-1"},"canonical":"https:\/\/knock.eu\/de\/impressum\/","og_locale":"de_DE","og_type":"article","og_title":"Impressum - Knock T\u00fcren und Fenster","og_description":"KNOCK T\u00fcren und Fenster GmbH Gesch\u00e4ftsf\u00fchrer: K\u0131van\u00e7 \u00d6zden Per Post: Manderscheidt-Stra\u00dfe 16 | 45141 Essen | Deutschland Per E-Mail:\u00a0info@knock.eu Per Web:\u00a0www.knock.eu Tel.: +49 (0) 7151 \/ 944 64 01 Fax.:","og_url":"https:\/\/knock.eu\/de\/impressum\/","og_site_name":"Knock T\u00fcren und Fenster","article_modified_time":"2026-04-21T18:31:58+00:00","og_image":[{"url":"https:\/\/knock.eu\/wp-content\/uploads\/2025\/11\/Knock-Logo-768x259.png","type":"","width":"","height":""}],"twitter_card":"summary_large_image","twitter_misc":{"Gesch\u00e4tzte Lesezeit":"1\u00a0Minute"},"schema":{"@context":"https:\/\/schema.org","@graph":[{"@type":"WebPage","@id":"https:\/\/knock.eu\/impressum\/","url":"https:\/\/knock.eu\/impressum\/","name":"Impressum - Knock T\u00fcren und Fenster","isPartOf":{"@id":"https:\/\/knock.eu\/#website"},"primaryImageOfPage":{"@id":"https:\/\/knock.eu\/impressum\/#primaryimage"},"image":{"@id":"https:\/\/knock.eu\/impressum\/#primaryimage"},"thumbnailUrl":"https:\/\/knock.eu\/wp-content\/uploads\/2025\/11\/Knock-Logo-768x259.png","datePublished":"2026-03-15T05:47:51+00:00","dateModified":"2026-04-21T18:31:58+00:00","breadcrumb":{"@id":"https:\/\/knock.eu\/impressum\/#breadcrumb"},"inLanguage":"de","potentialAction":[{"@type":"ReadAction","target":["https:\/\/knock.eu\/impressum\/"]}]},{"@type":"ImageObject","inLanguage":"de","@id":"https:\/\/knock.eu\/impressum\/#primaryimage","url":"https:\/\/knock.eu\/wp-content\/uploads\/2025\/11\/Knock-Logo-768x259.png","contentUrl":"https:\/\/knock.eu\/wp-content\/uploads\/2025\/11\/Knock-Logo-768x259.png"},{"@type":"BreadcrumbList","@id":"https:\/\/knock.eu\/impressum\/#breadcrumb","itemListElement":[{"@type":"ListItem","position":1,"name":"Home","item":"https:\/\/knock.eu\/"},{"@type":"ListItem","position":2,"name":"Impressum"}]},{"@type":"WebSite","@id":"https:\/\/knock.eu\/#website","url":"https:\/\/knock.eu\/","name":"Knock T\u00fcren und Fenster","description":"","potentialAction":[{"@type":"SearchAction","target":{"@type":"EntryPoint","urlTemplate":"https:\/\/knock.eu\/?s={search_term_string}"},"query-input":{"@type":"PropertyValueSpecification","valueRequired":true,"valueName":"search_term_string"}}],"inLanguage":"de"}]}},"_links":{"self":[{"href":"https:\/\/knock.eu\/de\/wp-json\/wp\/v2\/pages\/1845","targetHints":{"allow":["GET"]}}],"collection":[{"href":"https:\/\/knock.eu\/de\/wp-json\/wp\/v2\/pages"}],"about":[{"href":"https:\/\/knock.eu\/de\/wp-json\/wp\/v2\/types\/page"}],"author":[{"embeddable":true,"href":"https:\/\/knock.eu\/de\/wp-json\/wp\/v2\/users\/4"}],"replies":[{"embeddable":true,"href":"https:\/\/knock.eu\/de\/wp-json\/wp\/v2\/comments?post=1845"}],"version-history":[{"count":11,"href":"https:\/\/knock.eu\/de\/wp-json\/wp\/v2\/pages\/1845\/revisions"}],"predecessor-version":[{"id":1881,"href":"https:\/\/knock.eu\/de\/wp-json\/wp\/v2\/pages\/1845\/revisions\/1881"}],"wp:attachment":[{"href":"https:\/\/knock.eu\/de\/wp-json\/wp\/v2\/media?parent=1845"}],"curies":[{"name":"wp","href":"https:\/\/api.w.org\/{rel}","templated":true}]}}