{"id":1854,"date":"2026-03-15T05:55:25","date_gmt":"2026-03-15T05:55:25","guid":{"rendered":"https:\/\/knock.eu\/?page_id=1854"},"modified":"2026-04-21T18:29:06","modified_gmt":"2026-04-21T18:29:06","slug":"datenschutz","status":"publish","type":"page","link":"https:\/\/knock.eu\/de\/datenschutz\/","title":{"rendered":"Datenschutz"},"content":{"rendered":"<div data-elementor-type=\"wp-page\" data-elementor-id=\"1854\" class=\"elementor elementor-1854\">\n\t\t\t\t<div class=\"elementor-element elementor-element-2201d7d e-flex e-con-boxed e-con e-parent\" data-id=\"2201d7d\" data-element_type=\"container\" data-e-type=\"container\">\n\t\t\t\t\t<div class=\"e-con-inner\">\n\t\t\t\t<div class=\"elementor-element elementor-element-6dd5569 elementor-widget elementor-widget-text-editor\" data-id=\"6dd5569\" data-element_type=\"widget\" data-e-type=\"widget\" data-widget_type=\"text-editor.default\">\n\t\t\t\t\t\t\t\t\t<p><b>Datenschutzerkl\u00e4rung<\/b><\/p><p>Die Rechtsgrundlage f\u00fcr die Verarbeitung von Cookie-Daten ist Ihre Einwilligung gem\u00e4\u00df Artikel 6 Absatz 1 Satz 1 der DSGVO, um die wir Sie auf unserer Website bitten, bevor die Cookies gesetzt werden. Die Einwilligung bedeutet, dass auch eine ger\u00e4te\u00fcbergreifende Analyse Ihres Nutzungsverhaltens m\u00f6glich ist. Wenn Sie uns keine Einwilligung erteilen, werden nur Cookies der Kategorie \u201eErforderlich\u201c gesetzt. Diese Cookies sind f\u00fcr das Funktionieren der Website unbedingt erforderlich und k\u00f6nnen daher nicht deaktiviert werden. Sie k\u00f6nnen Ihre Entscheidung, andere Cookies zu akzeptieren oder abzulehnen, jederzeit \u00fcber den Link \u201eCookie-Einstellungen\u201c am Ende unserer Seite \u00e4ndern. Die Datenschutzerkl\u00e4rung der KNOCK T\u00fcren und Fenster GmbH finden Sie unter\u00a0<b><a href=\"https:\/\/knock.eu\/de\/kontakt.html\/\">https:\/\/www.knock.eu\/kontakt.html<\/a><\/b><\/p><p><b>Rechtliche Hinweise<\/b><\/p><p>Datenschutzerkl\u00e4rung f\u00fcr Verbraucher und Partner Wir gehen verantwortungsbewusst mit den personenbezogenen Daten um, die wir von Ihnen als Verbraucher oder Gesch\u00e4ftspartner erheben, wenn Sie unsere Websites nutzen und sowohl online als auch offline mit uns kommunizieren. Wir ergreifen alle erforderlichen Ma\u00dfnahmen, um Ihre personenbezogenen Daten zu sch\u00fctzen und die nationalen und europ\u00e4ischen Datenschutzbestimmungen einzuhalten.<\/p><p>Diese Datenschutzbestimmungen enthalten Informationen dar\u00fcber, wie Knock Ihre Daten verarbeitet. Sie beziehen sich auf unsere Datenerfassungsaktivit\u00e4ten sowohl online als auch offline, einschlie\u00dflich personenbezogener Daten, die wir \u00fcber unsere verschiedenen Kan\u00e4le erfassen, wie beispielsweise Websites, Apps, soziale Netzwerke von Drittanbietern, Kundendienstleistungen, Verkaufsstellen, Veranstaltungen und Gesch\u00e4ftskontakte.<\/p><p>Unsere Datenschutzbestimmungen erhalten Sie unter folgender Adresse:<\/p><p>Per E-Mail:\u00a0<b><a href=\"mailto:info@knock.eu\">info@knock.eu<\/a><\/b><\/p><p>By mail: Manderscheidt-Stra\u00dfe 16 | 45141 Essen | Deutschland<\/p><p>Die Navigation auf dieser Website wird durch Cookies optimiert. Weitere Informationen finden Sie in unserem Impressum. Unter \u201eCookie-Richtlinie\u201c finden Sie eine Liste der verwendeten Cookies. Sie k\u00f6nnen Ihre Cookie-Einstellungen jederzeit \u00fcber den Link \u201eCookie-Einstellungen\u201c auf dieser Website \u00e4ndern.<\/p><p><b>Werbe- und Targeting-Cookies<\/b><\/p><p>Diese Cookies werden verwendet, um Ihnen relevante Werbung anzuzeigen. Cookies k\u00f6nnen die H\u00e4ufigkeit der angezeigten Anzeigen begrenzen und uns dabei helfen, die Wirksamkeit unserer Marketingkampagnen zu messen. Wir k\u00f6nnen die Informationen, die wir \u00fcber unsere Cookies erhalten, auch dazu nutzen, Ihnen Anzeigen zu pr\u00e4sentieren, die f\u00fcr Sie aufgrund Ihres bisherigen Online-Verhaltens von Interesse sein k\u00f6nnten. Wir k\u00f6nnen diese Informationen an Dritte, einschlie\u00dflich unserer Partner, weitergeben.<\/p><p><b>Cookies zur Website-Analyse<\/b><\/p><p>Mithilfe dieser Cookies k\u00f6nnen wir messen und analysieren, wie Sie unsere Websites, Apps und mobilen Plattformen nutzen, um sowohl deren Funktionalit\u00e4t als auch Ihr Nutzererlebnis zu verbessern.<\/p><p><b>Cookies f\u00fcr Kundeneinstellungen<\/b><\/p><p>Wenn Sie unsere Websites besuchen, speichern diese Cookies Ihre Einstellungen (wie beispielsweise Ihre Sprache oder Ihren Standort) sowie weitere Informationen, die Sie uns zur Verf\u00fcgung stellen, damit wir das Nutzererlebnis f\u00fcr Sie individuell anpassen und pers\u00f6nlicher gestalten k\u00f6nnen.<\/p>\t\t\t\t\t\t\t\t<\/div>\n\t\t\t\t\t<\/div>\n\t\t\t\t<\/div>\n\t\t\t\t<\/div>","protected":false},"excerpt":{"rendered":"<p>Cookie policy The legal basis for the processing of cookie data is your consent, which illuminates Article 6 1 S.1 of the GDPR, which we request on our website before<\/p>","protected":false},"author":4,"featured_media":0,"parent":0,"menu_order":0,"comment_status":"closed","ping_status":"closed","template":"page-custom.php","meta":{"_acf_changed":false,"footnotes":""},"class_list":["post-1854","page","type-page","status-publish","hentry"],"acf":[],"yoast_head":"<!-- This site is optimized with the Yoast SEO plugin v27.1.1 - https:\/\/yoast.com\/product\/yoast-seo-wordpress\/ -->\n<title>Datenschutz - Knock T\u00fcren und Fenster<\/title>\n<meta name=\"robots\" content=\"index, follow, max-snippet:-1, max-image-preview:large, max-video-preview:-1\" \/>\n<link rel=\"canonical\" href=\"https:\/\/knock.eu\/de\/datenschutz\/\" \/>\n<meta property=\"og:locale\" content=\"de_DE\" \/>\n<meta property=\"og:type\" content=\"article\" \/>\n<meta property=\"og:title\" content=\"Datenschutz - Knock T\u00fcren und Fenster\" \/>\n<meta property=\"og:description\" content=\"Cookie policy The legal basis for the processing of cookie data is your consent, which illuminates Article 6 1 S.1 of the GDPR, which we request on our website before\" \/>\n<meta property=\"og:url\" content=\"https:\/\/knock.eu\/de\/datenschutz\/\" \/>\n<meta property=\"og:site_name\" content=\"Knock T\u00fcren und Fenster\" \/>\n<meta property=\"article:modified_time\" content=\"2026-04-21T18:29:06+00:00\" \/>\n<meta name=\"twitter:card\" content=\"summary_large_image\" \/>\n<meta name=\"twitter:label1\" content=\"Gesch\u00e4tzte Lesezeit\" \/>\n\t<meta name=\"twitter:data1\" content=\"2\u00a0Minuten\" \/>\n<script type=\"application\/ld+json\" class=\"yoast-schema-graph\">{\"@context\":\"https:\/\/schema.org\",\"@graph\":[{\"@type\":\"WebPage\",\"@id\":\"https:\/\/knock.eu\/datenschutz\/\",\"url\":\"https:\/\/knock.eu\/datenschutz\/\",\"name\":\"Datenschutz - Knock T\u00fcren und Fenster\",\"isPartOf\":{\"@id\":\"https:\/\/knock.eu\/#website\"},\"datePublished\":\"2026-03-15T05:55:25+00:00\",\"dateModified\":\"2026-04-21T18:29:06+00:00\",\"breadcrumb\":{\"@id\":\"https:\/\/knock.eu\/datenschutz\/#breadcrumb\"},\"inLanguage\":\"de\",\"potentialAction\":[{\"@type\":\"ReadAction\",\"target\":[\"https:\/\/knock.eu\/datenschutz\/\"]}]},{\"@type\":\"BreadcrumbList\",\"@id\":\"https:\/\/knock.eu\/datenschutz\/#breadcrumb\",\"itemListElement\":[{\"@type\":\"ListItem\",\"position\":1,\"name\":\"Home\",\"item\":\"https:\/\/knock.eu\/\"},{\"@type\":\"ListItem\",\"position\":2,\"name\":\"Datenschutz\"}]},{\"@type\":\"WebSite\",\"@id\":\"https:\/\/knock.eu\/#website\",\"url\":\"https:\/\/knock.eu\/\",\"name\":\"Knock T\u00fcren und Fenster\",\"description\":\"\",\"potentialAction\":[{\"@type\":\"SearchAction\",\"target\":{\"@type\":\"EntryPoint\",\"urlTemplate\":\"https:\/\/knock.eu\/?s={search_term_string}\"},\"query-input\":{\"@type\":\"PropertyValueSpecification\",\"valueRequired\":true,\"valueName\":\"search_term_string\"}}],\"inLanguage\":\"de\"}]}<\/script>\n<!-- \/ Yoast SEO plugin. -->","yoast_head_json":{"title":"Datenschutz - Knock T\u00fcren und Fenster","robots":{"index":"index","follow":"follow","max-snippet":"max-snippet:-1","max-image-preview":"max-image-preview:large","max-video-preview":"max-video-preview:-1"},"canonical":"https:\/\/knock.eu\/de\/datenschutz\/","og_locale":"de_DE","og_type":"article","og_title":"Datenschutz - Knock T\u00fcren und Fenster","og_description":"Cookie policy The legal basis for the processing of cookie data is your consent, which illuminates Article 6 1 S.1 of the GDPR, which we request on our website before","og_url":"https:\/\/knock.eu\/de\/datenschutz\/","og_site_name":"Knock T\u00fcren und Fenster","article_modified_time":"2026-04-21T18:29:06+00:00","twitter_card":"summary_large_image","twitter_misc":{"Gesch\u00e4tzte Lesezeit":"2\u00a0Minuten"},"schema":{"@context":"https:\/\/schema.org","@graph":[{"@type":"WebPage","@id":"https:\/\/knock.eu\/datenschutz\/","url":"https:\/\/knock.eu\/datenschutz\/","name":"Datenschutz - Knock T\u00fcren und Fenster","isPartOf":{"@id":"https:\/\/knock.eu\/#website"},"datePublished":"2026-03-15T05:55:25+00:00","dateModified":"2026-04-21T18:29:06+00:00","breadcrumb":{"@id":"https:\/\/knock.eu\/datenschutz\/#breadcrumb"},"inLanguage":"de","potentialAction":[{"@type":"ReadAction","target":["https:\/\/knock.eu\/datenschutz\/"]}]},{"@type":"BreadcrumbList","@id":"https:\/\/knock.eu\/datenschutz\/#breadcrumb","itemListElement":[{"@type":"ListItem","position":1,"name":"Home","item":"https:\/\/knock.eu\/"},{"@type":"ListItem","position":2,"name":"Datenschutz"}]},{"@type":"WebSite","@id":"https:\/\/knock.eu\/#website","url":"https:\/\/knock.eu\/","name":"Knock T\u00fcren und Fenster","description":"","potentialAction":[{"@type":"SearchAction","target":{"@type":"EntryPoint","urlTemplate":"https:\/\/knock.eu\/?s={search_term_string}"},"query-input":{"@type":"PropertyValueSpecification","valueRequired":true,"valueName":"search_term_string"}}],"inLanguage":"de"}]}},"_links":{"self":[{"href":"https:\/\/knock.eu\/de\/wp-json\/wp\/v2\/pages\/1854","targetHints":{"allow":["GET"]}}],"collection":[{"href":"https:\/\/knock.eu\/de\/wp-json\/wp\/v2\/pages"}],"about":[{"href":"https:\/\/knock.eu\/de\/wp-json\/wp\/v2\/types\/page"}],"author":[{"embeddable":true,"href":"https:\/\/knock.eu\/de\/wp-json\/wp\/v2\/users\/4"}],"replies":[{"embeddable":true,"href":"https:\/\/knock.eu\/de\/wp-json\/wp\/v2\/comments?post=1854"}],"version-history":[{"count":11,"href":"https:\/\/knock.eu\/de\/wp-json\/wp\/v2\/pages\/1854\/revisions"}],"predecessor-version":[{"id":1877,"href":"https:\/\/knock.eu\/de\/wp-json\/wp\/v2\/pages\/1854\/revisions\/1877"}],"wp:attachment":[{"href":"https:\/\/knock.eu\/de\/wp-json\/wp\/v2\/media?parent=1854"}],"curies":[{"name":"wp","href":"https:\/\/api.w.org\/{rel}","templated":true}]}}