{"id":480,"date":"2025-11-15T20:04:04","date_gmt":"2025-11-15T20:04:04","guid":{"rendered":"https:\/\/knock.eu\/?page_id=480"},"modified":"2025-12-25T21:46:01","modified_gmt":"2025-12-25T21:46:01","slug":"why-aluminum-doors","status":"publish","type":"page","link":"https:\/\/knock.eu\/de\/why-aluminum-doors\/","title":{"rendered":"Warum Aluminiumt\u00fcren"},"content":{"rendered":"<div data-elementor-type=\"wp-page\" data-elementor-id=\"480\" class=\"elementor elementor-480\">\n\t\t\t\t<div class=\"elementor-element elementor-element-fcf9f2a e-flex e-con-boxed e-con e-parent\" data-id=\"fcf9f2a\" data-element_type=\"container\" data-e-type=\"container\">\n\t\t\t\t\t<div class=\"e-con-inner\">\n\t\t\t\t<div class=\"elementor-element elementor-element-f9ffb95 elementor-widget elementor-widget-heading\" data-id=\"f9ffb95\" data-element_type=\"widget\" data-e-type=\"widget\" data-widget_type=\"heading.default\">\n\t\t\t\t\t<h2 class=\"elementor-heading-title elementor-size-default\">Qualit\u00e4t von Aluminium-Haust\u00fcren<\/h2>\t\t\t\t<\/div>\n\t\t\t\t\t<\/div>\n\t\t\t\t<\/div>\n\t\t<div class=\"elementor-element elementor-element-f298697 e-flex e-con-boxed e-con e-parent\" data-id=\"f298697\" data-element_type=\"container\" data-e-type=\"container\">\n\t\t\t\t\t<div class=\"e-con-inner\">\n\t\t\t\t<div class=\"elementor-element elementor-element-128e676 elementor-widget elementor-widget-text-editor\" data-id=\"128e676\" data-element_type=\"widget\" data-e-type=\"widget\" data-widget_type=\"text-editor.default\">\n\t\t\t\t\t\t\t\t\t<p data-start=\"134\" data-end=\"508\" class=\"translation-block\">Knock T\u00fcren und Fenster liefert hochwertige Aluminium-Haust\u00fcren und Fenster, gefertigt mit der branchenf\u00fchrenden Technologie von Sch\u00fcco. Als offizieller Sch\u00fcco-Partner setzen wir nicht nur auf erstklassige Sch\u00fcco-Profilsysteme, sondern auch auf die entscheidenden weiteren Komponenten wie T\u00fcrb\u00e4nder, Schlie\u00df- und Verriegelungssysteme, Dichtungen und Beschl\u00e4ge. Dieses durchdachte Zusammenspiel sorgt f\u00fcr hohe Stabilit\u00e4t, zuverl\u00e4ssige Sicherheit und eine lange Lebensdauer. Gleichzeitig bedeutet es f\u00fcr Sie: fachm\u00e4nnische Reparaturen bleiben auch Jahre sp\u00e4ter m\u00f6glich, weil passende Ersatzteile nachhaltig verf\u00fcgbar sind.<\/p><p data-start=\"510\" data-end=\"688\" class=\"translation-block\">Dank unserer langj\u00e4hrigen, engen Zusammenarbeit mit Sch\u00fcco erhalten Sie L\u00f6sungen, denen Sie vertrauen k\u00f6nnen \u2013 entwickelt f\u00fcr <b>Komfort, Sicherheit und bleibenden\u00a0Wert<\/b>.<\/p>\t\t\t\t\t\t\t\t<\/div>\n\t\t\t\t\t<\/div>\n\t\t\t\t<\/div>\n\t\t<div class=\"elementor-element elementor-element-8681b45 e-flex e-con-boxed e-con e-parent\" data-id=\"8681b45\" data-element_type=\"container\" data-e-type=\"container\">\n\t\t\t\t\t<div class=\"e-con-inner\">\n\t\t<div class=\"elementor-element elementor-element-b513f77 e-con-full e-flex e-con e-child\" data-id=\"b513f77\" data-element_type=\"container\" data-e-type=\"container\">\n\t\t\t\t<div class=\"elementor-element elementor-element-c6117b9 elementor-widget elementor-widget-el_info_box\" data-id=\"c6117b9\" data-element_type=\"widget\" data-e-type=\"widget\" data-widget_type=\"el_info_box.default\">\n\t\t\t\t<div class=\"elementor-widget-container\">\n\t\t\t\t\t<div id=\"idinfobox69f4c924c00b6\" class=\"dfd-info-box clearfix style-01 layout-04  idinfobox69f4c924c00b6 with-text\"><div class=\"dfd-animate-container\"><div class=\"content-wrap ovh\"><h2 class=\"info-box-title feature-title\">Hochwertige Aluminiumt\u00fcren <\/h2><h3 class=\"info-box-subtitle subtitle\">Ihr Sch\u00fcco-Partner f\u00fcr Qualit\u00e4t<\/h3><div class=\"description translation-block\"><b>Knock T\u00fcren und Fenster<\/b> liefert hochwertige Aluminiumfenster und Haust\u00fcren, die mit <b>der branchenf\u00fchrenden Technologie von Sch\u00fcco<\/b> ausgestattet sind. Als offizieller Sch\u00fcco-Partner bieten wir Produkte mit herausragender Energieeffizienz, modernem Design und langer Lebensdauer.\n<br \/><br \/>\nDank unserer langj\u00e4hrigen engen Zusammenarbeit bieten wir Ihnen hochwertige Sch\u00fcco-L\u00f6sungen, denen Sie vertrauen k\u00f6nnen \u2013 entwickelt f\u00fcr <b>Komfort, Sicherheit und dauerhaften Wert<\/b>.<\/div><\/div><\/div><\/div>\t\t\t\t<\/div>\n\t\t\t\t<\/div>\n\t\t\t\t<\/div>\n\t\t<div class=\"elementor-element elementor-element-8a2bc0c e-con-full e-flex e-con e-child\" data-id=\"8a2bc0c\" data-element_type=\"container\" data-e-type=\"container\">\n\t\t\t\t<div class=\"elementor-element elementor-element-05cbeaf elementor-widget elementor-widget-image\" data-id=\"05cbeaf\" data-element_type=\"widget\" data-e-type=\"widget\" data-widget_type=\"image.default\">\n\t\t\t\t\t\t\t\t\t\t\t\t\t\t\t<img fetchpriority=\"high\" decoding=\"async\" width=\"715\" height=\"440\" src=\"https:\/\/knock.eu\/wp-content\/uploads\/2025\/11\/Schuco.jpg\" class=\"attachment-full size-full wp-image-483\" alt=\"\" srcset=\"https:\/\/knock.eu\/wp-content\/uploads\/2025\/11\/Schuco.jpg 715w, https:\/\/knock.eu\/wp-content\/uploads\/2025\/11\/Schuco-300x185.jpg 300w\" sizes=\"(max-width: 715px) 100vw, 715px\" \/>\t\t\t\t\t\t\t\t\t\t\t\t\t\t\t<\/div>\n\t\t\t\t<\/div>\n\t\t\t\t\t<\/div>\n\t\t\t\t<\/div>\n\t\t<div class=\"elementor-element elementor-element-9b66abc e-flex e-con-boxed e-con e-parent\" data-id=\"9b66abc\" data-element_type=\"container\" data-e-type=\"container\">\n\t\t\t\t\t<div class=\"e-con-inner\">\n\t\t\t\t<div class=\"elementor-element elementor-element-bdab31c elementor-widget elementor-widget-spacer\" data-id=\"bdab31c\" data-element_type=\"widget\" data-e-type=\"widget\" data-widget_type=\"spacer.default\">\n\t\t\t\t\t\t\t<div class=\"elementor-spacer\">\n\t\t\t<div class=\"elementor-spacer-inner\"><\/div>\n\t\t<\/div>\n\t\t\t\t\t\t<\/div>\n\t\t\t\t\t<\/div>\n\t\t\t\t<\/div>\n\t\t<div class=\"elementor-element elementor-element-735e56d e-flex e-con-boxed e-con e-parent\" data-id=\"735e56d\" data-element_type=\"container\" data-e-type=\"container\">\n\t\t\t\t\t<div class=\"e-con-inner\">\n\t\t<div class=\"elementor-element elementor-element-48e7303 e-con-full e-flex e-con e-child\" data-id=\"48e7303\" data-element_type=\"container\" data-e-type=\"container\">\n\t\t\t\t<div class=\"elementor-element elementor-element-dcc69e7 elementor-widget elementor-widget-image\" data-id=\"dcc69e7\" data-element_type=\"widget\" data-e-type=\"widget\" data-widget_type=\"image.default\">\n\t\t\t\t\t\t\t\t\t\t\t\t\t\t\t<img decoding=\"async\" width=\"1080\" height=\"1350\" src=\"https:\/\/knock.eu\/wp-content\/uploads\/2025\/12\/green_door.webp\" class=\"attachment-2048x2048 size-2048x2048 wp-image-1706\" alt=\"\" srcset=\"https:\/\/knock.eu\/wp-content\/uploads\/2025\/12\/green_door.webp 1080w, https:\/\/knock.eu\/wp-content\/uploads\/2025\/12\/green_door-240x300.webp 240w, https:\/\/knock.eu\/wp-content\/uploads\/2025\/12\/green_door-819x1024.webp 819w, https:\/\/knock.eu\/wp-content\/uploads\/2025\/12\/green_door-768x960.webp 768w, https:\/\/knock.eu\/wp-content\/uploads\/2025\/12\/green_door-10x12.webp 10w\" sizes=\"(max-width: 1080px) 100vw, 1080px\" \/>\t\t\t\t\t\t\t\t\t\t\t\t\t\t\t<\/div>\n\t\t\t\t<\/div>\n\t\t<div class=\"elementor-element elementor-element-738fec9 e-con-full e-flex e-con e-child\" data-id=\"738fec9\" data-element_type=\"container\" data-e-type=\"container\" data-settings=\"{&quot;background_background&quot;:&quot;classic&quot;}\">\n\t\t\t\t<div class=\"elementor-element elementor-element-04dc59c elementor-widget elementor-widget-el_info_box\" data-id=\"04dc59c\" data-element_type=\"widget\" data-e-type=\"widget\" data-widget_type=\"el_info_box.default\">\n\t\t\t\t<div class=\"elementor-widget-container\">\n\t\t\t\t\t<div id=\"idinfobox69f4c924c06e8\" class=\"dfd-info-box clearfix style-01 layout-04  idinfobox69f4c924c06e8 with-text\"><div class=\"dfd-animate-container\"><div class=\"content-wrap ovh\"><h2 class=\"info-box-title feature-title\">Aluminium-Haust\u00fcren<\/h2><h3 class=\"info-box-subtitle subtitle\">Stil trifft Sicherheit<\/h3><div class=\"description translation-block\">Der Einbau einer neuen Haust\u00fcr wertet nicht nur das Erscheinungsbild Ihres Hauses auf, sondern kann auch <b>die Energieeffizienz erheblich verbessern<\/b> und <b>den Einbruchschutz erh\u00f6hen<\/b>.\nHeutzutage gibt es Haust\u00fcren in einer Vielzahl von <b>Gr\u00f6\u00dfen, Materialien und Designs<\/b> \u2013 und unter diesen hat sich Aluminium zu einer besonders beliebten Wahl entwickelt.\n<br>\n<br>\nAluminium ist leicht und dennoch au\u00dfergew\u00f6hnlich stabil und hat sich aufgrund seiner <b>Langlebigkeit, Stabilit\u00e4t und minimalen Wartungsanforderungen<\/b> in der modernen Bauweise gro\u00dfer Beliebtheit erfreut.\nEine <b>Aluminium-Haust\u00fcr<\/b> verbindet langlebige Leistung mit einer eleganten, zeitgem\u00e4\u00dfen \u00c4sthetik \u2013 und ist damit die ideale L\u00f6sung f\u00fcr <b>Sicherheit<\/b> und <b>Komfort<\/b>.<\/div><\/div><\/div><\/div>\t\t\t\t<\/div>\n\t\t\t\t<\/div>\n\t\t<div class=\"elementor-element elementor-element-1f47442 e-con-full e-flex e-con e-child\" data-id=\"1f47442\" data-element_type=\"container\" data-e-type=\"container\">\n\t\t\t\t<div class=\"elementor-element elementor-element-d672ef1 elementor-widget elementor-widget-spacer\" data-id=\"d672ef1\" data-element_type=\"widget\" data-e-type=\"widget\" data-widget_type=\"spacer.default\">\n\t\t\t\t\t\t\t<div class=\"elementor-spacer\">\n\t\t\t<div class=\"elementor-spacer-inner\"><\/div>\n\t\t<\/div>\n\t\t\t\t\t\t<\/div>\n\t\t\t\t<\/div>\n\t\t\t\t<\/div>\n\t\t\t\t\t<\/div>\n\t\t\t\t<\/div>\n\t\t<div class=\"elementor-element elementor-element-f847a46 e-flex e-con-boxed e-con e-parent\" data-id=\"f847a46\" data-element_type=\"container\" data-e-type=\"container\">\n\t\t\t\t\t<div class=\"e-con-inner\">\n\t\t\t\t<div class=\"elementor-element elementor-element-d7b1d67 elementor-widget elementor-widget-spacer\" data-id=\"d7b1d67\" data-element_type=\"widget\" data-e-type=\"widget\" data-widget_type=\"spacer.default\">\n\t\t\t\t\t\t\t<div class=\"elementor-spacer\">\n\t\t\t<div class=\"elementor-spacer-inner\"><\/div>\n\t\t<\/div>\n\t\t\t\t\t\t<\/div>\n\t\t\t\t\t<\/div>\n\t\t\t\t<\/div>\n\t\t<div class=\"elementor-element elementor-element-9ff1075 e-flex e-con-boxed e-con e-parent\" data-id=\"9ff1075\" data-element_type=\"container\" data-e-type=\"container\">\n\t\t\t\t\t<div class=\"e-con-inner\">\n\t\t<div class=\"elementor-element elementor-element-695e032 e-con-full e-flex e-con e-child\" data-id=\"695e032\" data-element_type=\"container\" data-e-type=\"container\" data-settings=\"{&quot;background_background&quot;:&quot;classic&quot;}\">\n\t\t\t\t<div class=\"elementor-element elementor-element-a77692e elementor-widget elementor-widget-el_info_box\" data-id=\"a77692e\" data-element_type=\"widget\" data-e-type=\"widget\" data-widget_type=\"el_info_box.default\">\n\t\t\t\t<div class=\"elementor-widget-container\">\n\t\t\t\t\t<div id=\"idinfobox69f4c924c0cf5\" class=\"dfd-info-box clearfix style-02 layout-04  idinfobox69f4c924c0cf5 with-text\"><div class=\"dfd-animate-container\"><div class=\"content-wrap ovh\"><h2 class=\"info-box-title feature-title\">Hohe Witterungsbest\u00e4ndigkeit<\/h2><h3 class=\"info-box-subtitle subtitle\">was Aluminium-Haust\u00fcren auszeichnet<\/h3><div class=\"description translation-block\">Aluminium-Haust\u00fcren \u00fcberzeugen vor allem durch ihre enorme Widerstandsf\u00e4higkeit im Alltag \u2013 und das liegt bei unseren T\u00fcren besonders an der hochwertigen Pulverbeschichtung. Da wir Ihre Haust\u00fcr grunds\u00e4tzlich pulverbeschichtet herstellen, erh\u00e4lt sie eine robuste, gleichm\u00e4\u00dfige Oberfl\u00e4che, die langfristig vor Witterungseinfl\u00fcssen sch\u00fctzt. Regen, Frost, starke Sonneneinstrahlung oder Temperaturschwankungen k\u00f6nnen der Optik der Haust\u00fcr dadurch kaum etwas anhaben.\n<br \/><br \/>\nDie strukturierte Pulverbeschichtung bietet gleich mehrere Vorteile: Sie ist kratzunempfindlich, farbstabil und \u00e4u\u00dferst pflegeleicht. Schon ein einfaches Abwischen gen\u00fcgt meist, damit die Oberfl\u00e4che \u00fcber Jahre hinweg sauber bleibt und hochwertig aussieht. Zus\u00e4tzlich er\u00f6ffnet die Beschichtung gro\u00dfe gestalterische Freiheit \u2013 von modernen Feinstrukturen bis hin zu individuellen Farbt\u00f6nen, passend zu Ihrer Fassade.\n<br \/><br \/>\nErg\u00e4nzend erw\u00e4hnt: Auch Aluminium selbst ist von Natur aus korrosionsbest\u00e4ndig, weil es bei Kontakt mit Luft oder Feuchtigkeit eine sch\u00fctzende Oxidschicht bildet. Das ist besonders bei nicht beschichteten Bauteilen ein Pluspunkt \u2013 den entscheidenden Rundumschutz und die langlebige Optik Ihrer Haust\u00fcr \u00fcbernimmt bei uns aber die Pulverbeschichtung.<\/div><\/div><\/div><\/div>\t\t\t\t<\/div>\n\t\t\t\t<\/div>\n\t\t\t\t<\/div>\n\t\t<div class=\"elementor-element elementor-element-676b84a e-con-full e-flex e-con e-child\" data-id=\"676b84a\" data-element_type=\"container\" data-e-type=\"container\">\n\t\t\t\t<div class=\"elementor-element elementor-element-73b3616 elementor-widget elementor-widget-image\" data-id=\"73b3616\" data-element_type=\"widget\" data-e-type=\"widget\" data-widget_type=\"image.default\">\n\t\t\t\t\t\t\t\t\t\t\t\t\t\t\t<img decoding=\"async\" width=\"1152\" height=\"768\" src=\"https:\/\/knock.eu\/wp-content\/uploads\/2025\/12\/water-drop-background-Medium.webp\" class=\"attachment-full size-full wp-image-1716\" alt=\"\" srcset=\"https:\/\/knock.eu\/wp-content\/uploads\/2025\/12\/water-drop-background-Medium.webp 1152w, https:\/\/knock.eu\/wp-content\/uploads\/2025\/12\/water-drop-background-Medium-300x200.webp 300w, https:\/\/knock.eu\/wp-content\/uploads\/2025\/12\/water-drop-background-Medium-1024x683.webp 1024w, https:\/\/knock.eu\/wp-content\/uploads\/2025\/12\/water-drop-background-Medium-768x512.webp 768w, https:\/\/knock.eu\/wp-content\/uploads\/2025\/12\/water-drop-background-Medium-18x12.webp 18w\" sizes=\"(max-width: 1152px) 100vw, 1152px\" \/>\t\t\t\t\t\t\t\t\t\t\t\t\t\t\t<\/div>\n\t\t\t\t<\/div>\n\t\t\t\t\t<\/div>\n\t\t\t\t<\/div>\n\t\t<div class=\"elementor-element elementor-element-c837a5e e-flex e-con-boxed e-con e-parent\" data-id=\"c837a5e\" data-element_type=\"container\" data-e-type=\"container\">\n\t\t\t\t\t<div class=\"e-con-inner\">\n\t\t\t\t<div class=\"elementor-element elementor-element-8a5b5cb elementor-widget elementor-widget-spacer\" data-id=\"8a5b5cb\" data-element_type=\"widget\" data-e-type=\"widget\" data-widget_type=\"spacer.default\">\n\t\t\t\t\t\t\t<div class=\"elementor-spacer\">\n\t\t\t<div class=\"elementor-spacer-inner\"><\/div>\n\t\t<\/div>\n\t\t\t\t\t\t<\/div>\n\t\t\t\t\t<\/div>\n\t\t\t\t<\/div>\n\t\t<div class=\"elementor-element elementor-element-f712c39 e-flex e-con-boxed e-con e-parent\" data-id=\"f712c39\" data-element_type=\"container\" data-e-type=\"container\">\n\t\t\t\t\t<div class=\"e-con-inner\">\n\t\t<div class=\"elementor-element elementor-element-f472941 e-con-full e-flex e-con e-child\" data-id=\"f472941\" data-element_type=\"container\" data-e-type=\"container\">\n\t\t\t\t<div class=\"elementor-element elementor-element-46cb9b3 elementor-widget elementor-widget-image\" data-id=\"46cb9b3\" data-element_type=\"widget\" data-e-type=\"widget\" data-widget_type=\"image.default\">\n\t\t\t\t\t\t\t\t\t\t\t\t\t\t\t<img loading=\"lazy\" decoding=\"async\" width=\"1366\" height=\"1333\" src=\"https:\/\/knock.eu\/wp-content\/uploads\/2025\/12\/warm_house.webp\" class=\"attachment-full size-full wp-image-1715\" alt=\"\" srcset=\"https:\/\/knock.eu\/wp-content\/uploads\/2025\/12\/warm_house.webp 1366w, https:\/\/knock.eu\/wp-content\/uploads\/2025\/12\/warm_house-300x293.webp 300w, https:\/\/knock.eu\/wp-content\/uploads\/2025\/12\/warm_house-1024x999.webp 1024w, https:\/\/knock.eu\/wp-content\/uploads\/2025\/12\/warm_house-768x749.webp 768w, https:\/\/knock.eu\/wp-content\/uploads\/2025\/12\/warm_house-12x12.webp 12w\" sizes=\"(max-width: 1366px) 100vw, 1366px\" \/>\t\t\t\t\t\t\t\t\t\t\t\t\t\t\t<\/div>\n\t\t\t\t<\/div>\n\t\t<div class=\"elementor-element elementor-element-7079bae e-con-full e-flex e-con e-child\" data-id=\"7079bae\" data-element_type=\"container\" data-e-type=\"container\" data-settings=\"{&quot;background_background&quot;:&quot;classic&quot;}\">\n\t\t\t\t<div class=\"elementor-element elementor-element-53db90e elementor-widget elementor-widget-el_info_box\" data-id=\"53db90e\" data-element_type=\"widget\" data-e-type=\"widget\" data-widget_type=\"el_info_box.default\">\n\t\t\t\t<div class=\"elementor-widget-container\">\n\t\t\t\t\t<div id=\"idinfobox69f4c924c12d7\" class=\"dfd-info-box clearfix style-02 layout-04  idinfobox69f4c924c12d7 with-text\"><div class=\"dfd-animate-container\"><div class=\"content-wrap ovh\"><h2 class=\"info-box-title feature-title\">Hervorragende thermische Leistung<\/h2><h3 class=\"info-box-subtitle subtitle\">Superior insulation with modern engineering<\/h3><div class=\"description translation-block\">Dank fortschrittlicher Technik zeichnen sich heutige Aluminiumt\u00fcren durch eine gr\u00f6\u00dfere <b>Konstruktionstiefe, mehrschichtige Isolierung<\/b> und eine <b>integrierte thermische Trennung<\/b> aus \u2013 all dies sorgt f\u00fcr eine hervorragende Energieeffizienz.\nDas bedeutet, dass eine hochwertige Aluminium-Haust\u00fcr problemlos die Anforderungen von <b>Niedrigenergie- und sogar Passivh\u00e4usern<\/b> erf\u00fcllen kann.\n<br><br>\nDas Beste daran ist, dass Sie sich nicht zwischen Leistung und \u00c4sthetik entscheiden m\u00fcssen. Aluminium-Haust\u00fcren sind in einer <b>gro\u00dfen Auswahl an modernen Designs<\/b> erh\u00e4ltlich und bieten sowohl eine <b>hervorragende Isolierung<\/b> als auch eine <b>stilvolle Optik<\/b>.<\/div><\/div><\/div><\/div>\t\t\t\t<\/div>\n\t\t\t\t<\/div>\n\t\t\t\t<\/div>\n\t\t\t\t\t<\/div>\n\t\t\t\t<\/div>\n\t\t\t\t<\/div>","protected":false},"excerpt":{"rendered":"<p>Quality of Aluminium Front Doors The surface of a front door is one of the clearest indicators of its quality \u2014 it defines the overall look and feel of your<\/p>","protected":false},"author":1,"featured_media":0,"parent":0,"menu_order":0,"comment_status":"closed","ping_status":"closed","template":"","meta":{"_acf_changed":false,"footnotes":""},"class_list":["post-480","page","type-page","status-publish","hentry"],"acf":[],"yoast_head":"<!-- This site is optimized with the Yoast SEO plugin v27.1.1 - https:\/\/yoast.com\/product\/yoast-seo-wordpress\/ -->\n<title>Why Aluminium Doors - Knock T\u00fcren und Fenster<\/title>\n<meta name=\"robots\" content=\"index, follow, max-snippet:-1, max-image-preview:large, max-video-preview:-1\" \/>\n<link rel=\"canonical\" href=\"https:\/\/knock.eu\/de\/why-aluminum-doors\/\" \/>\n<meta property=\"og:locale\" content=\"de_DE\" \/>\n<meta property=\"og:type\" content=\"article\" \/>\n<meta property=\"og:title\" content=\"Why Aluminium Doors - Knock T\u00fcren und Fenster\" \/>\n<meta property=\"og:description\" content=\"Quality of Aluminium Front Doors The surface of a front door is one of the clearest indicators of its quality \u2014 it defines the overall look and feel of your\" \/>\n<meta property=\"og:url\" content=\"https:\/\/knock.eu\/de\/why-aluminum-doors\/\" \/>\n<meta property=\"og:site_name\" content=\"Knock T\u00fcren und Fenster\" \/>\n<meta property=\"article:modified_time\" content=\"2025-12-25T21:46:01+00:00\" \/>\n<meta property=\"og:image\" content=\"https:\/\/knock.eu\/wp-content\/uploads\/2025\/11\/Schuco.jpg\" \/>\n\t<meta property=\"og:image:width\" content=\"715\" \/>\n\t<meta property=\"og:image:height\" content=\"440\" \/>\n\t<meta property=\"og:image:type\" content=\"image\/jpeg\" \/>\n<meta name=\"twitter:card\" content=\"summary_large_image\" \/>\n<meta name=\"twitter:label1\" content=\"Gesch\u00e4tzte Lesezeit\" \/>\n\t<meta name=\"twitter:data1\" content=\"2\u00a0Minuten\" \/>\n<script type=\"application\/ld+json\" class=\"yoast-schema-graph\">{\"@context\":\"https:\/\/schema.org\",\"@graph\":[{\"@type\":\"WebPage\",\"@id\":\"https:\/\/knock.eu\/why-aluminum-doors\/\",\"url\":\"https:\/\/knock.eu\/why-aluminum-doors\/\",\"name\":\"Why Aluminium Doors - Knock T\u00fcren und Fenster\",\"isPartOf\":{\"@id\":\"https:\/\/knock.eu\/#website\"},\"primaryImageOfPage\":{\"@id\":\"https:\/\/knock.eu\/why-aluminum-doors\/#primaryimage\"},\"image\":{\"@id\":\"https:\/\/knock.eu\/why-aluminum-doors\/#primaryimage\"},\"thumbnailUrl\":\"https:\/\/knock.eu\/wp-content\/uploads\/2025\/11\/Schuco.jpg\",\"datePublished\":\"2025-11-15T20:04:04+00:00\",\"dateModified\":\"2025-12-25T21:46:01+00:00\",\"breadcrumb\":{\"@id\":\"https:\/\/knock.eu\/why-aluminum-doors\/#breadcrumb\"},\"inLanguage\":\"de\",\"potentialAction\":[{\"@type\":\"ReadAction\",\"target\":[\"https:\/\/knock.eu\/why-aluminum-doors\/\"]}]},{\"@type\":\"ImageObject\",\"inLanguage\":\"de\",\"@id\":\"https:\/\/knock.eu\/why-aluminum-doors\/#primaryimage\",\"url\":\"https:\/\/knock.eu\/wp-content\/uploads\/2025\/11\/Schuco.jpg\",\"contentUrl\":\"https:\/\/knock.eu\/wp-content\/uploads\/2025\/11\/Schuco.jpg\"},{\"@type\":\"BreadcrumbList\",\"@id\":\"https:\/\/knock.eu\/why-aluminum-doors\/#breadcrumb\",\"itemListElement\":[{\"@type\":\"ListItem\",\"position\":1,\"name\":\"Home\",\"item\":\"https:\/\/knock.eu\/\"},{\"@type\":\"ListItem\",\"position\":2,\"name\":\"Why Aluminium Doors\"}]},{\"@type\":\"WebSite\",\"@id\":\"https:\/\/knock.eu\/#website\",\"url\":\"https:\/\/knock.eu\/\",\"name\":\"Knock T\u00fcren und Fenster\",\"description\":\"\",\"potentialAction\":[{\"@type\":\"SearchAction\",\"target\":{\"@type\":\"EntryPoint\",\"urlTemplate\":\"https:\/\/knock.eu\/?s={search_term_string}\"},\"query-input\":{\"@type\":\"PropertyValueSpecification\",\"valueRequired\":true,\"valueName\":\"search_term_string\"}}],\"inLanguage\":\"de\"}]}<\/script>\n<!-- \/ Yoast SEO plugin. -->","yoast_head_json":{"title":"Why Aluminium Doors - Knock T\u00fcren und Fenster","robots":{"index":"index","follow":"follow","max-snippet":"max-snippet:-1","max-image-preview":"max-image-preview:large","max-video-preview":"max-video-preview:-1"},"canonical":"https:\/\/knock.eu\/de\/why-aluminum-doors\/","og_locale":"de_DE","og_type":"article","og_title":"Why Aluminium Doors - Knock T\u00fcren und Fenster","og_description":"Quality of Aluminium Front Doors The surface of a front door is one of the clearest indicators of its quality \u2014 it defines the overall look and feel of your","og_url":"https:\/\/knock.eu\/de\/why-aluminum-doors\/","og_site_name":"Knock T\u00fcren und Fenster","article_modified_time":"2025-12-25T21:46:01+00:00","og_image":[{"width":715,"height":440,"url":"https:\/\/knock.eu\/wp-content\/uploads\/2025\/11\/Schuco.jpg","type":"image\/jpeg"}],"twitter_card":"summary_large_image","twitter_misc":{"Gesch\u00e4tzte Lesezeit":"2\u00a0Minuten"},"schema":{"@context":"https:\/\/schema.org","@graph":[{"@type":"WebPage","@id":"https:\/\/knock.eu\/why-aluminum-doors\/","url":"https:\/\/knock.eu\/why-aluminum-doors\/","name":"Why Aluminium Doors - Knock T\u00fcren und Fenster","isPartOf":{"@id":"https:\/\/knock.eu\/#website"},"primaryImageOfPage":{"@id":"https:\/\/knock.eu\/why-aluminum-doors\/#primaryimage"},"image":{"@id":"https:\/\/knock.eu\/why-aluminum-doors\/#primaryimage"},"thumbnailUrl":"https:\/\/knock.eu\/wp-content\/uploads\/2025\/11\/Schuco.jpg","datePublished":"2025-11-15T20:04:04+00:00","dateModified":"2025-12-25T21:46:01+00:00","breadcrumb":{"@id":"https:\/\/knock.eu\/why-aluminum-doors\/#breadcrumb"},"inLanguage":"de","potentialAction":[{"@type":"ReadAction","target":["https:\/\/knock.eu\/why-aluminum-doors\/"]}]},{"@type":"ImageObject","inLanguage":"de","@id":"https:\/\/knock.eu\/why-aluminum-doors\/#primaryimage","url":"https:\/\/knock.eu\/wp-content\/uploads\/2025\/11\/Schuco.jpg","contentUrl":"https:\/\/knock.eu\/wp-content\/uploads\/2025\/11\/Schuco.jpg"},{"@type":"BreadcrumbList","@id":"https:\/\/knock.eu\/why-aluminum-doors\/#breadcrumb","itemListElement":[{"@type":"ListItem","position":1,"name":"Home","item":"https:\/\/knock.eu\/"},{"@type":"ListItem","position":2,"name":"Why Aluminium Doors"}]},{"@type":"WebSite","@id":"https:\/\/knock.eu\/#website","url":"https:\/\/knock.eu\/","name":"Knock T\u00fcren und Fenster","description":"","potentialAction":[{"@type":"SearchAction","target":{"@type":"EntryPoint","urlTemplate":"https:\/\/knock.eu\/?s={search_term_string}"},"query-input":{"@type":"PropertyValueSpecification","valueRequired":true,"valueName":"search_term_string"}}],"inLanguage":"de"}]}},"_links":{"self":[{"href":"https:\/\/knock.eu\/de\/wp-json\/wp\/v2\/pages\/480","targetHints":{"allow":["GET"]}}],"collection":[{"href":"https:\/\/knock.eu\/de\/wp-json\/wp\/v2\/pages"}],"about":[{"href":"https:\/\/knock.eu\/de\/wp-json\/wp\/v2\/types\/page"}],"author":[{"embeddable":true,"href":"https:\/\/knock.eu\/de\/wp-json\/wp\/v2\/users\/1"}],"replies":[{"embeddable":true,"href":"https:\/\/knock.eu\/de\/wp-json\/wp\/v2\/comments?post=480"}],"version-history":[{"count":12,"href":"https:\/\/knock.eu\/de\/wp-json\/wp\/v2\/pages\/480\/revisions"}],"predecessor-version":[{"id":1719,"href":"https:\/\/knock.eu\/de\/wp-json\/wp\/v2\/pages\/480\/revisions\/1719"}],"wp:attachment":[{"href":"https:\/\/knock.eu\/de\/wp-json\/wp\/v2\/media?parent=480"}],"curies":[{"name":"wp","href":"https:\/\/api.w.org\/{rel}","templated":true}]}}